{"id":3589,"date":"2023-08-23T16:03:40","date_gmt":"2023-08-23T19:03:40","guid":{"rendered":"http:\/\/rodovitortransportes.com.br\/?page_id=3589"},"modified":"2023-08-27T10:02:45","modified_gmt":"2023-08-27T13:02:45","slug":"cotacao-rodovitor","status":"publish","type":"page","link":"https:\/\/rodovitortransportes.com.br\/?page_id=3589","title":{"rendered":"Cota\u00e7\u00e3o Rodovitor"},"content":{"rendered":"\t\t<div data-elementor-type=\"wp-page\" data-elementor-id=\"3589\" class=\"elementor elementor-3589\" data-elementor-post-type=\"page\">\n\t\t\t\t<div class=\"elementor-element elementor-element-ac4533a e-flex e-con-boxed e-con e-parent\" data-id=\"ac4533a\" data-element_type=\"container\" data-e-type=\"container\" data-settings=\"{&quot;background_background&quot;:&quot;classic&quot;}\">\n\t\t\t\t\t<div class=\"e-con-inner\">\n\t\t<div class=\"elementor-element elementor-element-0fda090 e-con-full e-flex e-con e-parent\" data-id=\"0fda090\" data-element_type=\"container\" data-e-type=\"container\">\n\t\t\t\t<div class=\"elementor-element elementor-element-e8d545b elementor-widget__width-initial elementor-widget elementor-widget-image\" data-id=\"e8d545b\" data-element_type=\"widget\" data-e-type=\"widget\" data-widget_type=\"image.default\">\n\t\t\t\t<div class=\"elementor-widget-container\">\n\t\t\t\t\t\t\t\t\t\t\t\t\t\t\t<img fetchpriority=\"high\" decoding=\"async\" width=\"1024\" height=\"243\" src=\"https:\/\/rodovitortransportes.com.br\/wp-content\/uploads\/2023\/08\/LOGO-RODOVITOR-PNG-1024x243.png\" class=\"attachment-large size-large wp-image-3585\" alt=\"Logo\" srcset=\"https:\/\/rodovitortransportes.com.br\/wp-content\/uploads\/2023\/08\/LOGO-RODOVITOR-PNG-1024x243.png 1024w, https:\/\/rodovitortransportes.com.br\/wp-content\/uploads\/2023\/08\/LOGO-RODOVITOR-PNG-300x71.png 300w, https:\/\/rodovitortransportes.com.br\/wp-content\/uploads\/2023\/08\/LOGO-RODOVITOR-PNG-768x182.png 768w, https:\/\/rodovitortransportes.com.br\/wp-content\/uploads\/2023\/08\/LOGO-RODOVITOR-PNG-1536x365.png 1536w, https:\/\/rodovitortransportes.com.br\/wp-content\/uploads\/2023\/08\/LOGO-RODOVITOR-PNG-2048x487.png 2048w\" sizes=\"(max-width: 1024px) 100vw, 1024px\" \/>\t\t\t\t\t\t\t\t\t\t\t\t\t\t\t<\/div>\n\t\t\t\t<\/div>\n\t\t\t\t<div class=\"elementor-element elementor-element-5b35005 elementor-widget elementor-widget-heading\" data-id=\"5b35005\" data-element_type=\"widget\" data-e-type=\"widget\" data-widget_type=\"heading.default\">\n\t\t\t\t<div class=\"elementor-widget-container\">\n\t\t\t\t\t<h2 class=\"elementor-heading-title elementor-size-default\">ECONOMIZE NA GEST\u00c3O DE FRETES<\/h2>\t\t\t\t<\/div>\n\t\t\t\t<\/div>\n\t\t\t\t<div class=\"elementor-element elementor-element-3505b10 elementor-widget elementor-widget-text-editor\" data-id=\"3505b10\" data-element_type=\"widget\" data-e-type=\"widget\" data-widget_type=\"text-editor.default\">\n\t\t\t\t<div class=\"elementor-widget-container\">\n\t\t\t\t\t\t\t\t\t<p>Cote simultaneamente com a melhor transportadora, rastreio inteligente e plataforma integrada, d\u00ea om primeiro passo.<\/p>\t\t\t\t\t\t\t\t<\/div>\n\t\t\t\t<\/div>\n\t\t\t\t<div class=\"elementor-element elementor-element-76933c5 elementor-widget elementor-widget-button\" data-id=\"76933c5\" data-element_type=\"widget\" data-e-type=\"widget\" data-widget_type=\"button.default\">\n\t\t\t\t<div class=\"elementor-widget-container\">\n\t\t\t\t\t\t\t\t\t<div class=\"elementor-button-wrapper\">\n\t\t\t\t\t<a class=\"elementor-button elementor-button-link elementor-size-sm\" href=\"https:\/\/b24-8k4kfx.bitrix24.site\/crm_form_hgswn\/\">\n\t\t\t\t\t\t<span class=\"elementor-button-content-wrapper\">\n\t\t\t\t\t\t\t\t\t<span class=\"elementor-button-text\">Fa\u00e7a sua cota\u00e7\u00e3o <\/span>\n\t\t\t\t\t<\/span>\n\t\t\t\t\t<\/a>\n\t\t\t\t<\/div>\n\t\t\t\t\t\t\t\t<\/div>\n\t\t\t\t<\/div>\n\t\t\t\t<\/div>\n\t\t<div class=\"elementor-element elementor-element-5a99fdf e-con-full e-flex e-con e-parent\" data-id=\"5a99fdf\" data-element_type=\"container\" data-e-type=\"container\">\n\t\t\t\t<div class=\"elementor-element elementor-element-83cfb71 elementor-widget elementor-widget-image\" data-id=\"83cfb71\" data-element_type=\"widget\" data-e-type=\"widget\" data-widget_type=\"image.default\">\n\t\t\t\t<div class=\"elementor-widget-container\">\n\t\t\t\t\t\t\t\t\t\t\t\t\t\t\t<img decoding=\"async\" width=\"1024\" height=\"875\" src=\"https:\/\/rodovitortransportes.com.br\/wp-content\/uploads\/2023\/01\/WhatsApp-Image-2023-01-04-at-08.58.57-e1771005892127-1024x875.jpeg\" class=\"attachment-large size-large wp-image-3069\" alt=\"\" srcset=\"https:\/\/rodovitortransportes.com.br\/wp-content\/uploads\/2023\/01\/WhatsApp-Image-2023-01-04-at-08.58.57-e1771005892127-1024x875.jpeg 1024w, https:\/\/rodovitortransportes.com.br\/wp-content\/uploads\/2023\/01\/WhatsApp-Image-2023-01-04-at-08.58.57-e1771005892127-300x256.jpeg 300w, https:\/\/rodovitortransportes.com.br\/wp-content\/uploads\/2023\/01\/WhatsApp-Image-2023-01-04-at-08.58.57-e1771005892127-768x656.jpeg 768w, https:\/\/rodovitortransportes.com.br\/wp-content\/uploads\/2023\/01\/WhatsApp-Image-2023-01-04-at-08.58.57-e1771005892127.jpeg 1080w\" sizes=\"(max-width: 1024px) 100vw, 1024px\" \/>\t\t\t\t\t\t\t\t\t\t\t\t\t\t\t<\/div>\n\t\t\t\t<\/div>\n\t\t\t\t<\/div>\n\t\t\t\t\t<\/div>\n\t\t\t\t<\/div>\n\t\t<div class=\"elementor-element elementor-element-5f679cf e-flex e-con-boxed e-con e-parent\" data-id=\"5f679cf\" data-element_type=\"container\" data-e-type=\"container\" data-settings=\"{&quot;background_background&quot;:&quot;classic&quot;}\">\n\t\t\t\t\t<div class=\"e-con-inner\">\n\t\t\t\t<div class=\"elementor-element elementor-element-4daac5e elementor-widget elementor-widget-heading\" data-id=\"4daac5e\" data-element_type=\"widget\" data-e-type=\"widget\" data-widget_type=\"heading.default\">\n\t\t\t\t<div class=\"elementor-widget-container\">\n\t\t\t\t\t<h2 class=\"elementor-heading-title elementor-size-default\">Fa\u00e7a sua cota\u00e7\u00e3o<\/h2>\t\t\t\t<\/div>\n\t\t\t\t<\/div>\n\t\t\t\t<div class=\"elementor-element elementor-element-1cfbf41 elementor-widget elementor-widget-text-editor\" data-id=\"1cfbf41\" data-element_type=\"widget\" data-e-type=\"widget\" data-widget_type=\"text-editor.default\">\n\t\t\t\t<div class=\"elementor-widget-container\">\n\t\t\t\t\t\t\t\t\t<p>Preencha o formul\u00e1rio abaixo e receba sua cota\u00e7\u00e3o!<\/p>\t\t\t\t\t\t\t\t<\/div>\n\t\t\t\t<\/div>\n\t\t\t\t\t<\/div>\n\t\t\t\t<\/div>\n\t\t<div class=\"elementor-element elementor-element-5c90911 e-flex e-con-boxed e-con e-parent\" data-id=\"5c90911\" data-element_type=\"container\" data-e-type=\"container\" data-settings=\"{&quot;background_background&quot;:&quot;classic&quot;}\">\n\t\t\t\t\t<div class=\"e-con-inner\">\n\t\t\t\t<div class=\"elementor-element elementor-element-7763d8f elementor-widget elementor-widget-shortcode\" data-id=\"7763d8f\" data-element_type=\"widget\" data-e-type=\"widget\" data-widget_type=\"shortcode.default\">\n\t\t\t\t<div class=\"elementor-widget-container\">\n\t\t\t\t\t\t\t<div class=\"elementor-shortcode\"><script data-b24-form=\"inline\/29\/n7e78e\" data-skip-moving=\"true\">\n(function(w,d,u){\nvar s=d.createElement('script');s.async=true;s.src=u+'?'+(Date.now()\/180000|0);\nvar h=d.getElementsByTagName('script')[0];h.parentNode.insertBefore(s,h);\n})(window,document,'https:\/\/cdn.bitrix24.com.br\/b22935357\/crm\/form\/loader_29.js');\n<\/script><\/div>\n\t\t\t\t\t\t<\/div>\n\t\t\t\t<\/div>\n\t\t\t\t\t<\/div>\n\t\t\t\t<\/div>\n\t\t\t\t<\/div>\n\t\t","protected":false},"excerpt":{"rendered":"<p>ECONOMIZE NA GEST\u00c3O DE FRETES Cote simultaneamente com a melhor transportadora, rastreio inteligente e plataforma integrada, d\u00ea om primeiro passo. Fa\u00e7a sua cota\u00e7\u00e3o Fa\u00e7a sua cota\u00e7\u00e3o Preencha o formul\u00e1rio abaixo e receba sua cota\u00e7\u00e3o!<\/p>\n","protected":false},"author":1,"featured_media":0,"parent":0,"menu_order":0,"comment_status":"closed","ping_status":"closed","template":"elementor_canvas","meta":{"_kadence_starter_templates_imported_post":false,"_kad_post_transparent":"","_kad_post_title":"hide","_kad_post_layout":"fullwidth","_kad_post_sidebar_id":"","_kad_post_content_style":"unboxed","_kad_post_vertical_padding":"hide","_kad_post_feature":"hide","_kad_post_feature_position":"","_kad_post_header":false,"_kad_post_footer":false,"_kad_post_classname":"","_joinchat":[],"footnotes":""},"vaga":[],"class_list":["post-3589","page","type-page","status-publish","hentry"],"_links":{"self":[{"href":"https:\/\/rodovitortransportes.com.br\/index.php?rest_route=\/wp\/v2\/pages\/3589","targetHints":{"allow":["GET"]}}],"collection":[{"href":"https:\/\/rodovitortransportes.com.br\/index.php?rest_route=\/wp\/v2\/pages"}],"about":[{"href":"https:\/\/rodovitortransportes.com.br\/index.php?rest_route=\/wp\/v2\/types\/page"}],"author":[{"embeddable":true,"href":"https:\/\/rodovitortransportes.com.br\/index.php?rest_route=\/wp\/v2\/users\/1"}],"replies":[{"embeddable":true,"href":"https:\/\/rodovitortransportes.com.br\/index.php?rest_route=%2Fwp%2Fv2%2Fcomments&post=3589"}],"version-history":[{"count":49,"href":"https:\/\/rodovitortransportes.com.br\/index.php?rest_route=\/wp\/v2\/pages\/3589\/revisions"}],"predecessor-version":[{"id":3642,"href":"https:\/\/rodovitortransportes.com.br\/index.php?rest_route=\/wp\/v2\/pages\/3589\/revisions\/3642"}],"wp:attachment":[{"href":"https:\/\/rodovitortransportes.com.br\/index.php?rest_route=%2Fwp%2Fv2%2Fmedia&parent=3589"}],"wp:term":[{"taxonomy":"vaga","embeddable":true,"href":"https:\/\/rodovitortransportes.com.br\/index.php?rest_route=%2Fwp%2Fv2%2Fvaga&post=3589"}],"curies":[{"name":"wp","href":"https:\/\/api.w.org\/{rel}","templated":true}]}}